{"id":306,"date":"2020-01-20T23:25:50","date_gmt":"2020-01-20T16:25:50","guid":{"rendered":"https:\/\/kosiaenc.com\/?page_id=306"},"modified":"2023-02-17T09:04:26","modified_gmt":"2023-02-17T02:04:26","slug":"gioi-thieu-chung-ve-cong-ty","status":"publish","type":"page","link":"https:\/\/kosiaenc.com\/?page_id=306&lang=vi","title":{"rendered":"GI\u1edaI THI\u1ec6U CHUNG V\u1ec0 C\u00d4NG TY"},"content":{"rendered":"<h3><strong>Gi\u1edbi thi\u1ec7u chung v\u1ec1 c\u00f4ng ty:<\/strong><\/h3>\n<p>Kosia E&amp;C \u0111\u01b0\u1ee3c th\u00e0nh l\u1eadp n\u0103m 2017, chuy\u00ean nh\u1eadn th\u1ea7u thi c\u00f4ng c\u00e1c c\u00f4ng tr\u00ecnh x\u00e2y d\u1ef1ng d\u00e2n d\u1ee5ng, nh\u00e0 m\u00e1y c\u00f4ng nghi\u1ec7p, \u0111\u01b0\u1eddng, n\u0103ng l\u01b0\u1ee3ng m\u1eb7t tr\u1eddi, khu ngh\u1ec9 d\u01b0\u1ee1ng cao c\u1ea5p, k\u00fd t\u00fac x\u00e1 v\u00e0 c\u00e1c c\u00f4ng tr\u00ecnh c\u00f3 y\u00eau c\u1ea7u cao v\u1ec1 ch\u1ea5t l\u01b0\u1ee3ng.<\/p>\n<p>Tr\u1ea3i qua h\u01a1n 06 n\u0103m x\u00e2y d\u1ef1ng v\u00e0 ph\u00e1t tri\u1ec3n, c\u00f4ng ty Kosia \u0111\u00e3 tr\u1edf th\u00e0nh m\u1ed9t c\u00f4ng ty l\u1edbn m\u1ea1nh v\u1edbi h\u01a1n 30 d\u1ef1 \u00e1n l\u1edbn nh\u1ecf, h\u01a1n 260 nh\u00e2n vi\u00ean, c\u00f9ng nh\u1eefng m\u00e1y m\u00f3c hi\u1ec7n \u0111\u1ea1i.<\/p>\n<p><img loading=\"lazy\" class=\"wp-image-1339 alignright\" src=\"https:\/\/kosiaenc.com\/wp-content\/uploads\/2023\/02\/ISO.png\" alt=\"\" width=\"274\" height=\"82\" srcset=\"https:\/\/kosiaenc.com\/wp-content\/uploads\/2023\/02\/ISO.png 1468w, https:\/\/kosiaenc.com\/wp-content\/uploads\/2023\/02\/ISO-300x90.png 300w, https:\/\/kosiaenc.com\/wp-content\/uploads\/2023\/02\/ISO-1024x307.png 1024w, https:\/\/kosiaenc.com\/wp-content\/uploads\/2023\/02\/ISO-768x230.png 768w\" sizes=\"(max-width: 274px) 100vw, 274px\" \/><\/p>\n<p>&nbsp;<\/p>\n<p><iframe loading=\"lazy\" title=\"C\u00d4NG TY TNHH KOSIA E&amp;C\" width=\"640\" height=\"360\" src=\"https:\/\/www.youtube.com\/embed\/Wzo8fSXtNfA?feature=oembed\" frameborder=\"0\" allow=\"accelerometer; autoplay; clipboard-write; encrypted-media; gyroscope; picture-in-picture; web-share\" allowfullscreen><\/iframe><\/p>\n<p>&nbsp;<\/p>\n<p>&nbsp;<\/p>\n<p>&nbsp;<\/p>\n<p>&nbsp;<\/p>\n<p>&nbsp;<\/p>\n<p>&nbsp;<\/p>\n","protected":false},"excerpt":{"rendered":"<p>Gi\u1edbi thi\u1ec7u chung v\u1ec1 c\u00f4ng ty: Kosia E&amp;C \u0111\u01b0\u1ee3c th\u00e0nh l\u1eadp n\u0103m 2017, chuy\u00ean nh\u1eadn th\u1ea7u thi c\u00f4ng c\u00e1c c\u00f4ng tr\u00ecnh x\u00e2y d\u1ef1ng d\u00e2n d\u1ee5ng, nh\u00e0 m\u00e1y c\u00f4ng nghi\u1ec7p, \u0111\u01b0\u1eddng, n\u0103ng l\u01b0\u1ee3ng m\u1eb7t tr\u1eddi, khu ngh\u1ec9 d\u01b0\u1ee1ng cao c\u1ea5p, k\u00fd t\u00fac x\u00e1 v\u00e0 c\u00e1c c\u00f4ng tr\u00ecnh c\u00f3 y\u00eau c\u1ea7u cao v\u1ec1 ch\u1ea5t l\u01b0\u1ee3ng. Tr\u1ea3i qua [&hellip;]<\/p>\n","protected":false},"author":1,"featured_media":679,"parent":0,"menu_order":0,"comment_status":"closed","ping_status":"closed","template":"","meta":[],"yoast_head":"<!-- This site is optimized with the Yoast SEO plugin v19.7.1 - https:\/\/yoast.com\/wordpress\/plugins\/seo\/ -->\n<title>GI\u1edaI THI\u1ec6U CHUNG V\u1ec0 C\u00d4NG TY - KOSIAENC<\/title>\n<meta name=\"robots\" content=\"index, follow, max-snippet:-1, max-image-preview:large, max-video-preview:-1\" \/>\n<link rel=\"canonical\" href=\"https:\/\/kosiaenc.com\/?page_id=306&lang=vi\" \/>\n<meta property=\"og:locale\" content=\"vi_VN\" \/>\n<meta property=\"og:type\" content=\"article\" \/>\n<meta property=\"og:title\" content=\"GI\u1edaI THI\u1ec6U CHUNG V\u1ec0 C\u00d4NG TY - KOSIAENC\" \/>\n<meta property=\"og:description\" content=\"Gi\u1edbi thi\u1ec7u chung v\u1ec1 c\u00f4ng ty: Kosia E&amp;C \u0111\u01b0\u1ee3c th\u00e0nh l\u1eadp n\u0103m 2017, chuy\u00ean nh\u1eadn th\u1ea7u thi c\u00f4ng c\u00e1c c\u00f4ng tr\u00ecnh x\u00e2y d\u1ef1ng d\u00e2n d\u1ee5ng, nh\u00e0 m\u00e1y c\u00f4ng nghi\u1ec7p, \u0111\u01b0\u1eddng, n\u0103ng l\u01b0\u1ee3ng m\u1eb7t tr\u1eddi, khu ngh\u1ec9 d\u01b0\u1ee1ng cao c\u1ea5p, k\u00fd t\u00fac x\u00e1 v\u00e0 c\u00e1c c\u00f4ng tr\u00ecnh c\u00f3 y\u00eau c\u1ea7u cao v\u1ec1 ch\u1ea5t l\u01b0\u1ee3ng. Tr\u1ea3i qua [&hellip;]\" \/>\n<meta property=\"og:url\" content=\"https:\/\/kosiaenc.com\/?page_id=306&amp;lang=vi\" \/>\n<meta property=\"og:site_name\" content=\"KOSIAENC\" \/>\n<meta property=\"article:modified_time\" content=\"2023-02-17T02:04:26+00:00\" \/>\n<meta property=\"og:image\" content=\"https:\/\/kosiaenc.com\/wp-content\/uploads\/2020\/02\/Resort-scaled.jpg\" \/>\n\t<meta property=\"og:image:width\" content=\"2560\" \/>\n\t<meta property=\"og:image:height\" content=\"1124\" \/>\n\t<meta property=\"og:image:type\" content=\"image\/jpeg\" \/>\n<meta name=\"twitter:card\" content=\"summary_large_image\" \/>\n<meta name=\"twitter:label1\" content=\"\u01af\u1edbc t\u00ednh th\u1eddi gian \u0111\u1ecdc\" \/>\n\t<meta name=\"twitter:data1\" content=\"1 ph\u00fat\" \/>\n<script type=\"application\/ld+json\" class=\"yoast-schema-graph\">{\"@context\":\"https:\/\/schema.org\",\"@graph\":[{\"@type\":\"WebPage\",\"@id\":\"https:\/\/kosiaenc.com\/?page_id=306&lang=vi\",\"url\":\"https:\/\/kosiaenc.com\/?page_id=306&lang=vi\",\"name\":\"GI\u1edaI THI\u1ec6U CHUNG V\u1ec0 C\u00d4NG TY - KOSIAENC\",\"isPartOf\":{\"@id\":\"https:\/\/kosiaenc.com\/#website\"},\"datePublished\":\"2020-01-20T16:25:50+00:00\",\"dateModified\":\"2023-02-17T02:04:26+00:00\",\"breadcrumb\":{\"@id\":\"https:\/\/kosiaenc.com\/?page_id=306&lang=vi#breadcrumb\"},\"inLanguage\":\"vi\",\"potentialAction\":[{\"@type\":\"ReadAction\",\"target\":[\"https:\/\/kosiaenc.com\/?page_id=306&lang=vi\"]}]},{\"@type\":\"BreadcrumbList\",\"@id\":\"https:\/\/kosiaenc.com\/?page_id=306&lang=vi#breadcrumb\",\"itemListElement\":[{\"@type\":\"ListItem\",\"position\":1,\"name\":\"Trang ch\u1ee7\",\"item\":\"https:\/\/kosiaenc.com\/\"},{\"@type\":\"ListItem\",\"position\":2,\"name\":\"GI\u1edaI THI\u1ec6U CHUNG V\u1ec0 C\u00d4NG TY\"}]},{\"@type\":\"WebSite\",\"@id\":\"https:\/\/kosiaenc.com\/#website\",\"url\":\"https:\/\/kosiaenc.com\/\",\"name\":\"KOSIAENC\",\"description\":\"\",\"publisher\":{\"@id\":\"https:\/\/kosiaenc.com\/#organization\"},\"potentialAction\":[{\"@type\":\"SearchAction\",\"target\":{\"@type\":\"EntryPoint\",\"urlTemplate\":\"https:\/\/kosiaenc.com\/?s={search_term_string}\"},\"query-input\":\"required name=search_term_string\"}],\"inLanguage\":\"vi\"},{\"@type\":\"Organization\",\"@id\":\"https:\/\/kosiaenc.com\/#organization\",\"name\":\"KOSIAENC\",\"url\":\"https:\/\/kosiaenc.com\/\",\"sameAs\":[],\"logo\":{\"@type\":\"ImageObject\",\"inLanguage\":\"vi\",\"@id\":\"https:\/\/kosiaenc.com\/#\/schema\/logo\/image\/\",\"url\":\"https:\/\/kosiaenc.com\/wp-content\/uploads\/2022\/09\/cropped-cd68ee58ec3c2862712d.png\",\"contentUrl\":\"https:\/\/kosiaenc.com\/wp-content\/uploads\/2022\/09\/cropped-cd68ee58ec3c2862712d.png\",\"width\":819,\"height\":132,\"caption\":\"KOSIAENC\"},\"image\":{\"@id\":\"https:\/\/kosiaenc.com\/#\/schema\/logo\/image\/\"}}]}<\/script>\n<!-- \/ Yoast SEO plugin. -->","yoast_head_json":{"title":"GI\u1edaI THI\u1ec6U CHUNG V\u1ec0 C\u00d4NG TY - KOSIAENC","robots":{"index":"index","follow":"follow","max-snippet":"max-snippet:-1","max-image-preview":"max-image-preview:large","max-video-preview":"max-video-preview:-1"},"canonical":"https:\/\/kosiaenc.com\/?page_id=306&lang=vi","og_locale":"vi_VN","og_type":"article","og_title":"GI\u1edaI THI\u1ec6U CHUNG V\u1ec0 C\u00d4NG TY - KOSIAENC","og_description":"Gi\u1edbi thi\u1ec7u chung v\u1ec1 c\u00f4ng ty: Kosia E&amp;C \u0111\u01b0\u1ee3c th\u00e0nh l\u1eadp n\u0103m 2017, chuy\u00ean nh\u1eadn th\u1ea7u thi c\u00f4ng c\u00e1c c\u00f4ng tr\u00ecnh x\u00e2y d\u1ef1ng d\u00e2n d\u1ee5ng, nh\u00e0 m\u00e1y c\u00f4ng nghi\u1ec7p, \u0111\u01b0\u1eddng, n\u0103ng l\u01b0\u1ee3ng m\u1eb7t tr\u1eddi, khu ngh\u1ec9 d\u01b0\u1ee1ng cao c\u1ea5p, k\u00fd t\u00fac x\u00e1 v\u00e0 c\u00e1c c\u00f4ng tr\u00ecnh c\u00f3 y\u00eau c\u1ea7u cao v\u1ec1 ch\u1ea5t l\u01b0\u1ee3ng. Tr\u1ea3i qua [&hellip;]","og_url":"https:\/\/kosiaenc.com\/?page_id=306&lang=vi","og_site_name":"KOSIAENC","article_modified_time":"2023-02-17T02:04:26+00:00","og_image":[{"width":2560,"height":1124,"url":"https:\/\/kosiaenc.com\/wp-content\/uploads\/2020\/02\/Resort-scaled.jpg","type":"image\/jpeg"}],"twitter_card":"summary_large_image","twitter_misc":{"\u01af\u1edbc t\u00ednh th\u1eddi gian \u0111\u1ecdc":"1 ph\u00fat"},"schema":{"@context":"https:\/\/schema.org","@graph":[{"@type":"WebPage","@id":"https:\/\/kosiaenc.com\/?page_id=306&lang=vi","url":"https:\/\/kosiaenc.com\/?page_id=306&lang=vi","name":"GI\u1edaI THI\u1ec6U CHUNG V\u1ec0 C\u00d4NG TY - KOSIAENC","isPartOf":{"@id":"https:\/\/kosiaenc.com\/#website"},"datePublished":"2020-01-20T16:25:50+00:00","dateModified":"2023-02-17T02:04:26+00:00","breadcrumb":{"@id":"https:\/\/kosiaenc.com\/?page_id=306&lang=vi#breadcrumb"},"inLanguage":"vi","potentialAction":[{"@type":"ReadAction","target":["https:\/\/kosiaenc.com\/?page_id=306&lang=vi"]}]},{"@type":"BreadcrumbList","@id":"https:\/\/kosiaenc.com\/?page_id=306&lang=vi#breadcrumb","itemListElement":[{"@type":"ListItem","position":1,"name":"Trang ch\u1ee7","item":"https:\/\/kosiaenc.com\/"},{"@type":"ListItem","position":2,"name":"GI\u1edaI THI\u1ec6U CHUNG V\u1ec0 C\u00d4NG TY"}]},{"@type":"WebSite","@id":"https:\/\/kosiaenc.com\/#website","url":"https:\/\/kosiaenc.com\/","name":"KOSIAENC","description":"","publisher":{"@id":"https:\/\/kosiaenc.com\/#organization"},"potentialAction":[{"@type":"SearchAction","target":{"@type":"EntryPoint","urlTemplate":"https:\/\/kosiaenc.com\/?s={search_term_string}"},"query-input":"required name=search_term_string"}],"inLanguage":"vi"},{"@type":"Organization","@id":"https:\/\/kosiaenc.com\/#organization","name":"KOSIAENC","url":"https:\/\/kosiaenc.com\/","sameAs":[],"logo":{"@type":"ImageObject","inLanguage":"vi","@id":"https:\/\/kosiaenc.com\/#\/schema\/logo\/image\/","url":"https:\/\/kosiaenc.com\/wp-content\/uploads\/2022\/09\/cropped-cd68ee58ec3c2862712d.png","contentUrl":"https:\/\/kosiaenc.com\/wp-content\/uploads\/2022\/09\/cropped-cd68ee58ec3c2862712d.png","width":819,"height":132,"caption":"KOSIAENC"},"image":{"@id":"https:\/\/kosiaenc.com\/#\/schema\/logo\/image\/"}}]}},"_links":{"self":[{"href":"https:\/\/kosiaenc.com\/index.php?rest_route=\/wp\/v2\/pages\/306"}],"collection":[{"href":"https:\/\/kosiaenc.com\/index.php?rest_route=\/wp\/v2\/pages"}],"about":[{"href":"https:\/\/kosiaenc.com\/index.php?rest_route=\/wp\/v2\/types\/page"}],"author":[{"embeddable":true,"href":"https:\/\/kosiaenc.com\/index.php?rest_route=\/wp\/v2\/users\/1"}],"replies":[{"embeddable":true,"href":"https:\/\/kosiaenc.com\/index.php?rest_route=%2Fwp%2Fv2%2Fcomments&post=306"}],"version-history":[{"count":17,"href":"https:\/\/kosiaenc.com\/index.php?rest_route=\/wp\/v2\/pages\/306\/revisions"}],"predecessor-version":[{"id":1470,"href":"https:\/\/kosiaenc.com\/index.php?rest_route=\/wp\/v2\/pages\/306\/revisions\/1470"}],"wp:featuredmedia":[{"embeddable":true,"href":"https:\/\/kosiaenc.com\/index.php?rest_route=\/wp\/v2\/media\/679"}],"wp:attachment":[{"href":"https:\/\/kosiaenc.com\/index.php?rest_route=%2Fwp%2Fv2%2Fmedia&parent=306"}],"curies":[{"name":"wp","href":"https:\/\/api.w.org\/{rel}","templated":true}]}}